{"id":769,"date":"2026-02-12T07:20:41","date_gmt":"2026-02-12T07:20:41","guid":{"rendered":"https:\/\/icgeb-alsftd-rijeka-croatia2026.com\/?page_id=769"},"modified":"2026-04-08T14:19:51","modified_gmt":"2026-04-08T14:19:51","slug":"programme","status":"publish","type":"page","link":"https:\/\/icgeb-alsftd-rijeka-croatia2026.com\/index.php\/programme\/","title":{"rendered":"Programme"},"content":{"rendered":"\t\t<div data-elementor-type=\"wp-page\" data-elementor-id=\"769\" class=\"elementor elementor-769\" data-elementor-post-type=\"page\">\n\t\t\t\t<div class=\"elementor-element elementor-element-bb8c27b e-flex e-con-boxed e-con e-parent\" data-id=\"bb8c27b\" data-element_type=\"container\" data-settings=\"{&quot;background_background&quot;:&quot;classic&quot;,&quot;animation&quot;:&quot;none&quot;,&quot;shape_divider_bottom&quot;:&quot;mountains&quot;}\">\n\t\t\t\t\t<div class=\"e-con-inner\">\n\t\t\t\t<div class=\"elementor-shape elementor-shape-bottom\" aria-hidden=\"true\" data-negative=\"false\">\n\t\t\t<svg xmlns=\"http:\/\/www.w3.org\/2000\/svg\" viewBox=\"0 0 1000 100\" preserveAspectRatio=\"none\">\n\t<path class=\"elementor-shape-fill\" opacity=\"0.33\" d=\"M473,67.3c-203.9,88.3-263.1-34-320.3,0C66,119.1,0,59.7,0,59.7V0h1000v59.7 c0,0-62.1,26.1-94.9,29.3c-32.8,3.3-62.8-12.3-75.8-22.1C806,49.6,745.3,8.7,694.9,4.7S492.4,59,473,67.3z\"\/>\n\t<path class=\"elementor-shape-fill\" opacity=\"0.66\" d=\"M734,67.3c-45.5,0-77.2-23.2-129.1-39.1c-28.6-8.7-150.3-10.1-254,39.1 s-91.7-34.4-149.2,0C115.7,118.3,0,39.8,0,39.8V0h1000v36.5c0,0-28.2-18.5-92.1-18.5C810.2,18.1,775.7,67.3,734,67.3z\"\/>\n\t<path class=\"elementor-shape-fill\" d=\"M766.1,28.9c-200-57.5-266,65.5-395.1,19.5C242,1.8,242,5.4,184.8,20.6C128,35.8,132.3,44.9,89.9,52.5C28.6,63.7,0,0,0,0 h1000c0,0-9.9,40.9-83.6,48.1S829.6,47,766.1,28.9z\"\/>\n<\/svg>\t\t<\/div>\n\t\t\t\t<div class=\"elementor-element elementor-element-ef87bda elementor-widget elementor-widget-heading\" data-id=\"ef87bda\" data-element_type=\"widget\" data-widget_type=\"heading.default\">\n\t\t\t\t\t<h2 class=\"elementor-heading-title elementor-size-default\">Preliminary program<\/h2>\t\t\t\t<\/div>\n\t\t\t\t\t<\/div>\n\t\t\t\t<\/div>\n\t\t<div class=\"elementor-element elementor-element-7470aad e-flex e-con-boxed e-con e-parent\" data-id=\"7470aad\" data-element_type=\"container\">\n\t\t\t\t\t<div class=\"e-con-inner\">\n\t\t\t\t<div class=\"elementor-element elementor-element-58ee2d2 elementor-widget elementor-widget-oew-accordion\" data-id=\"58ee2d2\" data-element_type=\"widget\" data-widget_type=\"oew-accordion.default\">\n\t\t\t\t<div class=\"elementor-widget-container\">\n\t\t\t\t\t\r\n\t\t<div id=\"oew-accordion-58ee2d2\" class=\"oew-accordion\" data-settings=\"{&quot;multiple&quot;:&quot;true&quot;}\">\r\n\r\n\t\t\t\r\n\t\t\t\t<div class=\"oew-accordion-item\">\r\n\t\t\t\t\t<div class=\"oew-accordion-title\">\r\n\t\t\t\t\t\t\t\t\t\t\t\t\t<span class=\"oew-accordion-icon oew-accordion-icon-right\" aria-hidden=\"true\">\r\n\t\t\t\t\t\t\t\t<i class=\"oew-accordion-icon-closed fa fa-plus\"><\/i>\r\n\t\t\t\t\t\t\t\t<i class=\"oew-accordion-icon-opened fa fa-minus\"><\/i>\r\n\t\t\t\t\t\t\t<\/span>\r\n\t\t\t\t\t\t\t\r\n\t\t\t\t\t\tTuesday, June 30\t\t\t\t\t<\/div>\r\n\r\n\t\t\t\t\t<div class=\"oew-accordion-content\">\r\n\t\t\t\t\t\t<p style=\"text-align: left\"><span style=\"color: #333399\"><strong>8.00 - 9.00<\/strong><\/span>\u00a0 \u00a0 \u00a0 \u00a0<strong>Registration<\/strong><\/p><p style=\"text-align: left\"><span style=\"color: #333399\"><strong>9.00 - 11.00\u00a0 \u00a0 \u00a0<\/strong><\/span><strong>Session 1 <\/strong>(Chairs: A. Markovinovic &amp; E. Buratti):<strong> ALS\/FTD: new mechanisms <\/strong><\/p><p style=\"text-align: left;padding-left: 120px\"><strong>Opening ceremony<\/strong> (Introductory speeches by the Rectorate and Organizers)<\/p><p style=\"text-align: left;padding-left: 120px\"><strong>Pietro Fratta <\/strong>(University College London, London, UK): TDP -43 dysfunction and T cells<\/p><p style=\"text-align: left;padding-left: 120px\"><strong>Emanuele Buratti <\/strong>(ICGEB, Trieste, Italy)<strong>: <\/strong>TDP-43 and AI-based search for novel\u00a0<span style=\"font-size: 14px\">biomarkers and small molecule interactors<\/span><\/p><p style=\"text-align: left;padding-left: 120px\"><strong>Chantelle Sephton <\/strong>(Laval University, Quebec, Canada): Metabolic homeostasis in ALS: linking energy metabolism to FUS proteostasis<\/p><p style=\"text-align: left;padding-left: 120px\"><strong>Andrea Markovinovic <\/strong>(Faculty of Medicine, Rijeka, Croatia): ER-mitochondria interactions in ALS\/FTD<strong>\u00a0<\/strong><\/p><p style=\"text-align: left;padding-left: 120px\"><strong style=\"font-size: 14px;text-align: center\">Morwena Latouche<\/strong><span style=\"font-size: 14px;text-align: center\">\u00a0(Sorbonne University, Brain and Spinal cord Institute,Paris, France):\u00a0<\/span><span style=\"color: #222222;font-family: Arial, Helvetica, sans-serif;font-size: small;font-style: normal;font-weight: 400\">Neuro-immune forebrain assembloids from C9ORF72 and GRN mutant hIPSC<\/span><\/p><p style=\"text-align: left;padding-left: 120px\"><strong>Awarded talk: Carmelo Milioto<\/strong> (University of Milan, Italy): C9orf72 DPR knock-in mice shape motor neuron vulnerability and plasticity revealing a novel potential therapeutic axis in ALS\/FTD<\/p><p style=\"text-align: left\"><span style=\"color: #333399\"><strong>11.00 - 11.30<\/strong><\/span> \u00a0\u00a0\u00a0\u00a0<strong>Coffee break<\/strong><\/p><p style=\"text-align: left\"><span style=\"color: #333399\"><strong>11.30 - 13.30<\/strong><\/span>\u00a0 \u00a0 \u00a0<strong>Session 2 <\/strong>(Chairs: E. Buratti &amp; J. Mitchell): <strong>ALS\/FTD: new mechanisms<\/strong><\/p><p style=\"text-align: left;padding-left: 120px\"><strong>Jean-Pierre Julien <\/strong>(Laval University, Quebec, Canada): The role of neurofilaments in TDP-43 pathology<\/p><p style=\"text-align: left;padding-left: 120px\"><strong>Jacqueline Mitchell<\/strong> (King's College London, UK): TDP-43 pathogenesis: unpicking\u00a0 differential vulnerability and environmental contributors<\/p><p style=\"text-align: left;padding-left: 120px\"><strong>David Brenner <\/strong>(University of Ulm, Germany): Personalized medicine for genetic ALS - from bedside to bench and back to bedside<\/p><p style=\"text-align: left;padding-left: 120px\"><strong>Marco Baralle <\/strong>(ICGEB, Trieste, Italy): Determinants of TDP-43 expression: Epigenetic and genetic regulation<\/p><p style=\"text-align: left;padding-left: 120px\"><strong>Manuela Basso <\/strong>(University of Trento, Italy): Neuroinflammation and neurodegeneration: different timelines of two occurring events in ALS?<\/p><p style=\"text-align: left;padding-left: 120px\"><strong>Awarded talk: Lea Knez <\/strong>(University College London, London, UK): Development\u00a0 of a safe and effective gene therapy to rescue TDP-43 loss-of-function<\/p><p style=\"text-align: left;padding-left: 120px\"><strong>Awarded talk: Ismail Gbadamosi <\/strong>(Nencki Institute of Experimental Biology, Warsaw, Poland): Cell-specific Neuroglia Metabolic Reprogramming Downstream TDP-43 Dysfunction<\/p><p style=\"text-align: left\"><span style=\"color: #333399\"><strong>13.30 \u2013 15.00<\/strong><\/span>\u00a0\u00a0\u00a0<strong>Lunch<\/strong><\/p><p style=\"text-align: left\"><span style=\"color: #333399\"><strong>15.00 \u2013 16.20<\/strong><\/span>\u00a0\u00a0\u00a0<strong>Session 2 continued <\/strong>(Chairs: B. Rogelj &amp; P. Fratta): <strong>Proteinopathy in ALS\/FTD<\/strong><\/p><p style=\"text-align: left;padding-left: 120px\"><strong>Boris Rogelj <\/strong>(Department of Biotechnology, Jozef Stefan Institute): Interactomics in ALS and FTD<\/p><p style=\"text-align: left;padding-left: 120px\"><strong>Michael Strong<\/strong> (Schulich School of Medicine &amp; Dentistry, Western University, London, Canada): TDP-43 interaction with SARS-CoV-2 nucleocapsid protein (N protein) \u2013 biomolecular condensate formation<\/p><p style=\"text-align: left;padding-left: 120px\"><strong>Angelo Poletti <\/strong>(University of Milan, Italy)<strong>: <\/strong>Novel approaches to counteract DPRs neurotoxicity in C9ORF72-linked ALS and FTD<\/p><p style=\"text-align: left;padding-left: 120px\"><strong>Giulia De Sabbata<\/strong> (VectorY Therapeutics B.V., Amsterdam, Netherlands): AAV-mediated delivery of an intrabody targeting TDP-43 for Amyotrophic Lateral Sclerosis therapy<\/p><p style=\"text-align: left;padding-left: 120px\"><strong style=\"font-size: 14px;text-align: center\">Awarded talk: Jerneja Nimac<\/strong><span style=\"font-size: 14px;text-align: center\"> (Department of Biotechnology, Jozef Stefan Institute): Stress-associated dynamic interactome of TDP-43<\/span><\/p><p style=\"text-align: left\"><span style=\"color: #333399\"><strong>18.30 - 20.00<\/strong><\/span>\u00a0\u00a0\u00a0\u00a0<strong>Swim &amp; Walk for Brain Health @ Kostrena beach<\/strong><\/p><p style=\"text-align: left\"><span style=\"color: #333399\"><strong>20.00 - 22.30<\/strong><\/span>\u00a0\u00a0\u00a0\u00a0\u00a0<strong>Drinks and snacks in Kostrena Yacht Club Galeb<\/strong><\/p>\t\t\t\t\t<\/div>\r\n\t\t\t\t<\/div>\r\n\r\n\t\t\t\t\r\n\t\t\t\t<div class=\"oew-accordion-item\">\r\n\t\t\t\t\t<div class=\"oew-accordion-title\">\r\n\t\t\t\t\t\t\t\t\t\t\t\t\t<span class=\"oew-accordion-icon oew-accordion-icon-right\" aria-hidden=\"true\">\r\n\t\t\t\t\t\t\t\t<i class=\"oew-accordion-icon-closed fa fa-plus\"><\/i>\r\n\t\t\t\t\t\t\t\t<i class=\"oew-accordion-icon-opened fa fa-minus\"><\/i>\r\n\t\t\t\t\t\t\t<\/span>\r\n\t\t\t\t\t\t\t\r\n\t\t\t\t\t\tWednesday, July 1\t\t\t\t\t<\/div>\r\n\r\n\t\t\t\t\t<div class=\"oew-accordion-content\">\r\n\t\t\t\t\t\t<p style=\"text-align: left\"><span style=\"color: #333399\"><strong>9.00 - 11.00 <\/strong><\/span>\u00a0\u00a0\u00a0\u00a0\u00a0\u00a0<strong>Session 3 <\/strong>(chairs: J-P. Julien &amp; I. Munitic):<strong> Immunity in ALS\/FTD<\/strong><\/p><p style=\"text-align: left;padding-left: 120px\"><strong>Jasna Kriz <\/strong>(Laval University, CERVO Brain Research Centre): Development of distinct microglia proteome profiles in TDP-43 mediated pathologies<\/p><p style=\"text-align: left;padding-left: 120px\"><strong>Jemeen Sreedharan<\/strong> (King\u2019s College London, UK): TDP-43-linked inflammatory signals in mouse and stem cell-derived neurons<\/p><p style=\"text-align: left;padding-left: 120px\"><strong>Christian Lobsiger <\/strong>(Sorbonne University, Brain and Spinal cord Institute, Paris, France): How microglial TBK1 and motor neuron aging could contribute to ALS disease<\/p><p style=\"text-align: left;padding-left: 120px\"><strong>Ivana Munitic <\/strong>(Faculty of Biotechnology and Drug Development, University of Rijeka, Croatia): <em>OPTN <\/em>Variants as Disease Modifiers: Lessons from Experimental Models and Computational Analyses<\/p><p style=\"text-align: left;padding-left: 120px\"><strong style=\"font-size: 14px;text-align: center\">Valeria Gerbino <\/strong><span style=\"font-size: 14px;text-align: center\">(IRCSS Fondazione Santa Lucia, European Center for Brain Research, Rome, Italy): TBK1 at the intersection of proteostasis and neuroinflammation in neurodegenerative disease progression<\/span><\/p><p style=\"text-align: left\"><span style=\"color: #333399\"><strong>11.00 - 11.30<\/strong><\/span>\u00a0\u00a0\u00a0\u00a0\u00a0<strong>Coffee break<\/strong><\/p><p style=\"text-align: left\"><span style=\"color: #333399\"><strong>11.30 - 13.30<\/strong><\/span>\u00a0\u00a0\u00a0\u00a0\u00a0<strong>Session 3 continued <\/strong>(chairs: J-P. Julien &amp; I. Munitic): <strong>Immunity in ALS\/FTD &amp; beyond<\/strong><\/p><p style=\"text-align: left;padding-left: 120px\"><strong>Ludo Van Den Bosch<\/strong> (University of Leuven, Belgium): Dynamic interplay between loss-of-support and gain-of-toxicity by ALS astrocytes on human motor units\u00a0\u00a0<\/p><p style=\"text-align: left;padding-left: 120px\"><strong>Ilija Brizic <\/strong>(Center for Proteomics, Faculty of Medicine, University of Rijeka, Croatia): Glial cell adaptation to latent cytomegalovirus infection in the CNS<\/p><p style=\"text-align: left;padding-left: 120px\"><strong>Jason Cannon <\/strong>(Purdue University, West Lafayette, USA): Ferroptosis cell death pathways as a critical pathogenic intersection across multiple <span style=\"font-size: 14px\">neurodegenerative diseases<\/span><\/p><p style=\"text-align: left;padding-left: 120px\"><strong>Marina Babi\u0107<\/strong><strong>\u00a0<\/strong><strong>\u010ca\u010d<\/strong><strong>\u00a0<\/strong>(Faculty of Medicine, Rijeka, Croatia): Regulation of Lymphocyte Responses During Neuroinflammation<\/p><p style=\"text-align: left;padding-left: 120px\"><strong>Ludmilla Morozova-Roche<\/strong> (Ume\u00e5 University, Sweden): Role of proinflammatory S100A9 protein in the amyloid-neuroinflammatory cascade in neurodegenerative diseases<\/p><p style=\"text-align: left\"><span style=\"color: #333399\"><strong>13.30 - 15.00 <\/strong><\/span>\u00a0\u00a0\u00a0\u00a0\u00a0\u00a0<strong>Lunch<\/strong><\/p><p style=\"text-align: left\"><span style=\"color: #333399\"><strong>15.00 - 17.00<\/strong><\/span>\u00a0\u00a0\u00a0\u00a0\u00a0\u00a0<strong>Session 4 <\/strong>(chairs: S.Kalra &amp; F. De Marchi): <strong>Clinical studies, biomarkers &amp; emerging therapies in ALS\/FTD<\/strong><\/p><p style=\"text-align: left;padding-left: 120px\"><strong>Angela Genge <\/strong>(McGill University, Quebec, Canada): Update on Targets in ALS Drug Development<\/p><p style=\"text-align: left;padding-left: 120px\"><strong>Sanjay Kalra <\/strong>(University of Alberta, Edmonton, Alberta, Canada): Cerebral Degeneration in ALS: Insights from Neuroimaging<\/p><p style=\"text-align: left;padding-left: 120px\"><strong>Hrvoje Bili\u0107 <\/strong>(Clinical Hospital Centre Zagreb, Croatia): Tofersen: real-world data in Croatian patients<\/p><p style=\"text-align: left;padding-left: 120px\"><strong>Bla\u017e Koritnik <\/strong>(Institute of Clinical Neurophysiology, University Medical Centre Ljubljana): Clinical perspectives on ALS genetics<\/p><p style=\"text-align: left;padding-left: 120px\"><span style=\"font-family: 'Open Sans', sans-serif;font-size: 14px;font-style: normal;font-weight: 600\">Fabiola De Marchi\u00a0<\/span><span style=\"font-family: 'Open Sans', sans-serif;font-size: 14px;font-style: normal;font-weight: 400\">(University of Piemonte Orientale, Maggiore della Carit\u00e0 Hospital, Novara, Italy): Stem cell based clinical trials in ALS\/FTD and beyond<\/span><\/p><p style=\"text-align: left;padding-left: 120px\"><strong>Aleksandra Kacar\u00a0<\/strong>(University Clinical Center of Serbia, Belgrade, Serbia): Electrophysiological markers in ALS\u00a0\u00a0 \u00a0 \u00a0 \u00a0 \u00a0\u00a0<\/p><p style=\"text-align: left;padding-left: 120px\"><span style=\"text-align: center\"><b>Ante Toli\u0107 <\/b>(Clinical Hospital Centre, Rijeka, Croatia): Tofersen treatment in ALS SOD-1 positive patients in Clinical Hospital Centre Rijeka<\/span><span style=\"color: #333399\">\u00a0<\/span><\/p><p style=\"text-align: left\"><span style=\"color: #333399\"><strong>17.00 - 19.00<\/strong><\/span>\u00a0\u00a0\u00a0\u00a0\u00a0\u00a0<strong>Poster session with coffee &amp; cookies<\/strong><\/p><p style=\"text-align: left\"><span style=\"color: #333399\"><strong>19.30 - 23.00<\/strong><\/span>\u00a0\u00a0\u00a0\u00a0\u00a0\u00a0<strong>Dinner for invited speakers &amp; organizing committee\u00a0<\/strong><img decoding=\"async\" style=\"font-family: 'Open Sans', sans-serif;font-size: 14px;font-style: normal;font-weight: bold;text-align: center;background-color: #ffffff\" role=\"img\" src=\"https:\/\/s.w.org\/images\/core\/emoji\/17.0.2\/svg\/1f341.svg\" alt=\"\ud83c\udf41\" width=\"25\" height=\"25\" \/>\u00a0<strong style=\"font-size: 14px\">Canada day <\/strong><strong style=\"font-size: 14px\">celebration with Canadian friends in Croatia! <img decoding=\"async\" style=\"font-family: 'Open Sans', sans-serif;font-size: 14px;font-style: normal;font-weight: bold;text-align: center;background-color: #ffffff\" role=\"img\" src=\"https:\/\/s.w.org\/images\/core\/emoji\/17.0.2\/svg\/1f341.svg\" alt=\"\ud83c\udf41\" width=\"25\" height=\"25\" \/><\/strong><\/p>\t\t\t\t\t<\/div>\r\n\t\t\t\t<\/div>\r\n\r\n\t\t\t\t\r\n\t\t\t\t<div class=\"oew-accordion-item\">\r\n\t\t\t\t\t<div class=\"oew-accordion-title\">\r\n\t\t\t\t\t\t\t\t\t\t\t\t\t<span class=\"oew-accordion-icon oew-accordion-icon-right\" aria-hidden=\"true\">\r\n\t\t\t\t\t\t\t\t<i class=\"oew-accordion-icon-closed fa fa-plus\"><\/i>\r\n\t\t\t\t\t\t\t\t<i class=\"oew-accordion-icon-opened fa fa-minus\"><\/i>\r\n\t\t\t\t\t\t\t<\/span>\r\n\t\t\t\t\t\t\t\r\n\t\t\t\t\t\tThursday, July 2\t\t\t\t\t<\/div>\r\n\r\n\t\t\t\t\t<div class=\"oew-accordion-content\">\r\n\t\t\t\t\t\t<p style=\"text-align: left\"><span style=\"color: #333399\"><strong>9.00 - 11.00<\/strong><\/span>&nbsp; &nbsp; &nbsp; &nbsp;<strong>Session 5 <\/strong>(chairs: J. Kriz &amp; J. Cannon):<strong> Systems and multi-omics approaches ALS\/FTD and related brain disorders<\/strong><\/p>\n<p style=\"text-align: left;padding-left: 120px\"><strong>Robert Russell<\/strong> (Heidelberg University, Germany): Predicting disease variant molecular mechanism: from first year biochemistry to sophisticated AI models<\/p>\n<p style=\"text-align: left;padding-left: 120px\"><strong>Vladimira Vuleti\u0107 <\/strong>(Clinical Hospital Centre, Rijeka): Precise and personalized therapy in neurodegenerative diseases - examples from everyday practice<\/p>\n<p style=\"text-align: left;padding-left: 120px\"><strong>Sandra Maria Martin Guerrero <\/strong>(Instituto de Parasitolog\u00eda y Biomedicina L\u00f3pez-Neyra, CSIC, Granada, Spain): Maternal Immune Activation as a driver of protein dysregulation in neural progenitors<\/p>\n<p style=\"text-align: left;padding-left: 120px\"><strong>Lea El Hajjar<\/strong> (Sorbonne University, Brain and Spinal cord Institute, Paris, France): In vitro experimental validation pipeline for discovering small\u2011molecule inhibitors of TDP\u201143 aggregation<\/p>\n<p style=\"text-align: left;padding-left: 120px\"><strong>Sara Cappelli<\/strong> (ICGEB, Triste, Italy): From Blood to Brain: Unveiling Platelet\u2013Neuron Crosstalk in ALS and FTD<\/p>\n<p style=\"text-align: left;padding-left: 120px\"><strong>Dijana Ostoji\u0107 <\/strong>(University of Galway, Ireland): Investigating the metabolomic signatures of schizophrenia and frontotemporal dementia in UK Biobank<\/p>\n<p style=\"text-align: left;padding-left: 120px\"><strong style=\"font-size: 14px;text-align: center\">Awarded talk: Benedetta Bartilomo<\/strong><span style=\"font-size: 14px;text-align: center\"> (University of Piemonte Orientale, Novara, Italy): A Multi-Hit Genetic Model for Motor Neuron Vulnerability Machine Learning-Based Identification of Variant Convergence in ALS-Related Gene Networks<\/span><\/p>\n<p style=\"text-align: left;padding-left: 120px\"><span style=\", sans-serif;font-size: 14px;font-style: normal;font-weight: 600;text-align: center\">Awarded talk:<\/span><span style=\", sans-serif;font-size: 14px;font-style: normal;font-weight: 600;text-align: center\">&nbsp;<\/span><strong style=\"font-size: 14px;text-align: center\">Giovanni Papagni<\/strong><span style=\"font-size: 14px;text-align: center\"> (University of Piemonte Orientale, Novara, Italy): Application of High Throughput Approaches for the Functional Characterization of&nbsp; VUS in ALS&nbsp; and Neurodegenerative Diseases<\/span><\/p>\n<p style=\"text-align: left\"><span style=\"color: #333399\"><strong>11.00 - 11.30<\/strong><\/span>&nbsp;&nbsp;&nbsp;&nbsp;<strong>Coffee break<\/strong><\/p>\n<p style=\"text-align: left\"><span style=\"color: #333399\"><strong>11.30 - 13.30<\/strong><\/span>&nbsp;&nbsp;&nbsp;&nbsp;<strong>Session 6 <\/strong>(chairs: V. Vuleti\u0107 &amp; E. Stefanova)<strong><em>: <\/em><\/strong><strong>Overlapping pathologies in neurodegenerative diseases<\/strong><\/p>\n<p style=\"text-align: left;padding-left: 120px\"><strong style=\"font-size: 14px;text-align: center\">Dmitry Lim<\/strong><span style=\"font-size: 14px;text-align: center\"> (University of Piemonte Orientale, Novara, Italy): A chicken and the egg: ER-mitochondrial interaction and protein homeostasis in Alzheimer\u2019s disease and beyond<\/span><\/p>\n<p style=\"text-align: left;padding-left: 120px\"><strong style=\"font-size: 14px;text-align: center\">Dubravka Svob Strac <\/strong><span style=\"font-size: 14px;text-align: center\">(Ru\u0111er Bo\u0161kovi\u0107 Institute, Zagreb, Croatia): Dehydroepiandrosterone Sulphate Mitigates A\u03b2 Toxicity and Accumulation in Experimental Models of Alzheimer\u2019s Disease Selected speaker<\/span><\/p>\n<p style=\"text-align: left;padding-left: 120px\"><strong>Elka Stefanova <\/strong>(Faculty of Medicine, University of Belgrade)<strong>:<\/strong> The role of C9orf72 in neurodegenerative diseases<\/p>\n<p style=\"text-align: left;padding-left: 120px\"><strong>Silva Katu\u0161i\u0107 He\u0107imovi\u0107 <\/strong>(Ru\u0111er Bo\u0161kovi\u0107 Institute, Zagreb, Croatia): Proteome and lipidome signatures of a juvenile neurodegenerative disorder Niemann-Pick type C<\/p>\n<p style=\"padding-left: 120px;text-align: left\"><strong>Laura Tapella<\/strong> (University of Piemonte Orientale, Novara, Italy): Calcineurin in astrocytes and its role in proteostasis and neuroinflammation<\/p>\n<p style=\"padding-left: 120px;text-align: left\"><strong style=\"font-size: 14px;text-align: center\">Victor&nbsp;<\/strong><span style=\"font-family: 'Open Sans', sans-serif;font-size: 14px;font-style: normal;font-weight: 600;text-align: center\">Coelho&nbsp;<\/span><span style=\"font-size: 14px;text-align: center\">(Laval University, CERVO Brain Research Centre): Converging SRSF3 immune-mediated mechanisms in ALS\/FTD and AD models<\/span><\/p>\n<p style=\"text-align: left\"><strong>Award for best young researcher presentation &amp; best NeuroArt Contest Artwork<\/strong><\/p>\n<p style=\"text-align: left\"><strong>Closing ceremony<\/strong><\/p>\t\t\t\t\t<\/div>\r\n\t\t\t\t<\/div>\r\n\r\n\t\t\t\t\r\n\t\t<\/div>\r\n\r\n\t\t\t\t\t\t<\/div>\n\t\t\t\t<\/div>\n\t\t\t\t\t<\/div>\n\t\t\t\t<\/div>\n\t\t\t\t<\/div>\n\t\t","protected":false},"excerpt":{"rendered":"<p>Preliminary program Tuesday, June 30 8.00 &#8211; 9.00\u00a0 \u00a0 \u00a0 \u00a0Registration 9.00 &#8211; 11.00\u00a0 \u00a0 \u00a0Session 1 (Chairs: A. Markovinovic &amp; E. Buratti): ALS\/FTD: new mechanisms Opening ceremony (Introductory speeches by the Rectorate and Organizers) Pietro Fratta (University College London, London, UK): TDP -43 dysfunction and T cells Emanuele Buratti (ICGEB, Trieste, Italy): TDP-43 and [&hellip;]<\/p>\n","protected":false},"author":1,"featured_media":0,"parent":0,"menu_order":0,"comment_status":"closed","ping_status":"closed","template":"","meta":{"footnotes":""},"class_list":["post-769","page","type-page","status-publish","hentry","entry"],"aioseo_notices":[],"_links":{"self":[{"href":"https:\/\/icgeb-alsftd-rijeka-croatia2026.com\/index.php\/wp-json\/wp\/v2\/pages\/769","targetHints":{"allow":["GET"]}}],"collection":[{"href":"https:\/\/icgeb-alsftd-rijeka-croatia2026.com\/index.php\/wp-json\/wp\/v2\/pages"}],"about":[{"href":"https:\/\/icgeb-alsftd-rijeka-croatia2026.com\/index.php\/wp-json\/wp\/v2\/types\/page"}],"author":[{"embeddable":true,"href":"https:\/\/icgeb-alsftd-rijeka-croatia2026.com\/index.php\/wp-json\/wp\/v2\/users\/1"}],"replies":[{"embeddable":true,"href":"https:\/\/icgeb-alsftd-rijeka-croatia2026.com\/index.php\/wp-json\/wp\/v2\/comments?post=769"}],"version-history":[{"count":36,"href":"https:\/\/icgeb-alsftd-rijeka-croatia2026.com\/index.php\/wp-json\/wp\/v2\/pages\/769\/revisions"}],"predecessor-version":[{"id":994,"href":"https:\/\/icgeb-alsftd-rijeka-croatia2026.com\/index.php\/wp-json\/wp\/v2\/pages\/769\/revisions\/994"}],"wp:attachment":[{"href":"https:\/\/icgeb-alsftd-rijeka-croatia2026.com\/index.php\/wp-json\/wp\/v2\/media?parent=769"}],"curies":[{"name":"wp","href":"https:\/\/api.w.org\/{rel}","templated":true}]}}